{"id":1401,"date":"2021-04-11T17:39:10","date_gmt":"2021-04-11T20:39:10","guid":{"rendered":"https:\/\/disembodiedrecords.ar\/blog\/?page_id=1401"},"modified":"2021-04-11T20:14:16","modified_gmt":"2021-04-11T23:14:16","slug":"inicio","status":"publish","type":"page","link":"https:\/\/disembodiedrecords.ar\/blog\/","title":{"rendered":"inicio"},"content":{"rendered":"<p><span class=\"title\">SOBRE DISEMBODIED RECORDS\u2026<\/span>&nbsp;<span class=\"general\">DISEMBODIED RECORDS fue creado en la mente de Daniel Mansilla luego de muchos a\u00f1os de batallar en el underground argentino con su antigua banda llamada ABSEMIA. En octubre del 2007 comienzan los primeras ediciones, distribuciones focaliz\u00e1ndose en los estilos m\u00e1s pesados del genero metal como son el Grindcore pero con el correr de los a\u00f1os, actualmente DISEMBODIED es una distro conocida mundialmente por el gran apoyo a diversos estilos musicales como son el Death Metal, Thrash Metal, Black Metal, Heavy Metal Cl\u00e1sico, Speed Metal, Brutal Death, Grindcore, etc\u2026 En todos los formatos conocidos en el medio. DISEMBODIED se especializa en distribuir material musical de todas las regiones del mundo en formatos como Cassette, Compact Disc (CD), Long Plays (LP), DVD, Remeras (t-shirt), Parches, etc. Este sello adem\u00e1s de editar bandas argentinas como 1917, Bloodfiend, Retrosatan, Vibrion\u2026. Tambi\u00e9n tiene licencias de bandas internacionales para ser vendidas, distribuidas en nuestro pa\u00eds como Mortician, Immolation, Incantation, Massacra\u2026 y cuenta con un inmenso cat\u00e1logo con material importado de diversos sellos internacionales, el cual es renovado semanalmente. Por lo cual en este sitio vas a encontrar todo el metal que est\u00e1s buscando, desde lo m\u00e1s underground de la escena actual hasta las bandas antiguas m\u00e1s cl\u00e1sicas que te vengan a la mente! No dudes en ponerte en contacto con nosotros. Sello \/ Distro especializado para verdaderos fans del Metal<\/span><\/p>\n<p><span class=\"title\">ABOUT DISEMBODIED RECORDS\u2026<\/span>&nbsp;DISEMBODIED RECORDS was created in the mind of Daniel Mansilla after many years of struggling in the Argentine underground scene with his old band called ABSEMIA. In October 2007 began the first editions, distributions focusing on the heavier metal styles such as Grindcore but over the years\u2026 currently Disembodied is a distro known worldwide for the great support to various musical styles such as Death metal, Thrash Metal, Black Metal, Classic Heavy Metal, Speed Metal, Brutal Death, Grindcore\u2026 in all known available formats. DISEMBODIED focuses on distributing musical material from all regions of the world in formats such as Cassettes, Compact Disc (CD), Long Plays (LP), DVD\u00b4s, T-Shirts, Patch and more! This label in addition to publishing Argentine bands as 1917, Bloodfiend, Retrosatan, Vibrion \u2026.also has licenses for international bands to be sold, distributed in our country like Mortician, Immolation, Incantation, Masacra\u2026 , and it has a huge imported catalog from various international labels, which is renewed weekly. Therefore in this website you will find all the metal you\u2019re looking for, from the most underground to the classic old bands that comes to your mind! Do not hesitate to contact us. An specialized Label \/ Distro for true fans of Metal<\/p>\n<p><img data-recalc-dims=\"1\" loading=\"lazy\" decoding=\"async\" class=\" wp-image-1100 alignright\" src=\"https:\/\/i0.wp.com\/disembodiedrecords.ar\/blog\/wp-content\/uploads\/2021\/03\/cropped-logo-1-1.png?resize=244%2C65&#038;ssl=1\" alt=\"\" width=\"244\" height=\"65\" srcset=\"https:\/\/i0.wp.com\/disembodiedrecords.ar\/blog\/wp-content\/uploads\/2021\/03\/cropped-logo-1-1.png?resize=300%2C80&amp;ssl=1 300w, https:\/\/i0.wp.com\/disembodiedrecords.ar\/blog\/wp-content\/uploads\/2021\/03\/cropped-logo-1-1.png?w=329&amp;ssl=1 329w\" sizes=\"auto, (max-width: 244px) 100vw, 244px\" \/><\/p>\n","protected":false},"excerpt":{"rendered":"","protected":false},"author":3,"featured_media":1100,"parent":0,"menu_order":0,"comment_status":"closed","ping_status":"closed","template":"","meta":{"ngg_post_thumbnail":0,"footnotes":""},"class_list":{"0":"post-1401","1":"page","2":"type-page","3":"status-publish","4":"has-post-thumbnail","6":"infinite-scroll-item","7":"no-featured-image-padding"},"jetpack-related-posts":[],"jetpack_sharing_enabled":true,"_links":{"self":[{"href":"https:\/\/disembodiedrecords.ar\/blog\/wp-json\/wp\/v2\/pages\/1401","targetHints":{"allow":["GET"]}}],"collection":[{"href":"https:\/\/disembodiedrecords.ar\/blog\/wp-json\/wp\/v2\/pages"}],"about":[{"href":"https:\/\/disembodiedrecords.ar\/blog\/wp-json\/wp\/v2\/types\/page"}],"author":[{"embeddable":true,"href":"https:\/\/disembodiedrecords.ar\/blog\/wp-json\/wp\/v2\/users\/3"}],"replies":[{"embeddable":true,"href":"https:\/\/disembodiedrecords.ar\/blog\/wp-json\/wp\/v2\/comments?post=1401"}],"version-history":[{"count":2,"href":"https:\/\/disembodiedrecords.ar\/blog\/wp-json\/wp\/v2\/pages\/1401\/revisions"}],"predecessor-version":[{"id":1526,"href":"https:\/\/disembodiedrecords.ar\/blog\/wp-json\/wp\/v2\/pages\/1401\/revisions\/1526"}],"wp:featuredmedia":[{"embeddable":true,"href":"https:\/\/disembodiedrecords.ar\/blog\/wp-json\/wp\/v2\/media\/1100"}],"wp:attachment":[{"href":"https:\/\/disembodiedrecords.ar\/blog\/wp-json\/wp\/v2\/media?parent=1401"}],"curies":[{"name":"wp","href":"https:\/\/api.w.org\/{rel}","templated":true}]}}